{"id":4713,"date":"2021-01-19T21:48:49","date_gmt":"2021-01-19T21:48:49","guid":{"rendered":"https:\/\/www.nunasi.com\/careers\/"},"modified":"2021-10-29T22:00:58","modified_gmt":"2021-10-29T22:00:58","slug":"careers","status":"publish","type":"page","link":"https:\/\/www.nunasi.com\/fr\/careers\/","title":{"rendered":"Carri\u00e8res"},"content":{"rendered":"<p>La Nunasi Corporation s\u2019engage \u00e0 cr\u00e9er de la richesse chez les Nunavummiut. Nos entreprises cr\u00e9ent des occasions d\u2019emploi pour les Inuits au Nunavut et dans d\u2019autres r\u00e9gions.<\/p>\n<p>Nunasi Corporation poss\u00e8de des investissements dans de nombreux secteurs, notamment la vente au d\u00e9tail, le transport, la fabrication, les assurances, les voyages, l\u2019\u00e9ducation, le multim\u00e9dia, la distribution de carburant, les communications num\u00e9riques, les foyers d\u2019accueil, la sous-traitance et l\u2019immobilier commercial.<\/p>\n<p>Une carri\u00e8re chez Nunasi Corporation n\u2019est pas qu\u2019une carri\u00e8re\u00a0: c\u2019est une occasion de cr\u00e9er l\u2019avenir.<\/p>\n<p>Pour soumettre une candidature g\u00e9n\u00e9rale pour de futures postes \u00e0 pourvoir, veuillez envoyer votre CV par courriel \u00e0 l\u2019adresse\u00a0<a href=\"mailto:humanresources@nunasi.com\">humanresources@nunasi.com<\/a><\/p>\n<p>&nbsp;<\/p>\n<hr \/>\n<h3><span style=\"color: #333399;\"><strong><br \/>\nCurrent Job Opportunities<\/strong><\/span><\/h3>\n<p><span style=\"color: #333399;\"><strong>Senior Accountant<\/strong><\/span><\/p>\n<p>The Senior Accountant will work closely with business unit heads, the Manager, Financial Planning &amp; Analysis (MFPA), Senior Financial Analyst (SFA) and the Chief Financial Officer (CFO) to provide input and guidance on business issues and to provide strategic financial input and leadership on decision-making issues affecting the lines of business.<\/p>\n<p>Responsibilities will include preparation of timely and accurate financial statements for all subsidiary companies, data gathering, bookkeeping services to all Largas and other Joint Ventures.<\/p>\n<p>For a complete job description or to submit a cover letter and resume, please contact: <a href=\"mailto:humanresources@nunasi.com\">humanresources@nunasi.com.<\/a><\/p>\n<p><em>Application Deadline: November 5th, 2021<\/em><\/p>\n","protected":false},"excerpt":{"rendered":"<p>La Nunasi Corporation s\u2019engage \u00e0 cr\u00e9er de la richesse chez les Nunavummiut. Nos entreprises cr\u00e9ent des occasions d\u2019emploi pour les Inuits au Nunavut et dans d\u2019autres r\u00e9gions. Nunasi Corporation poss\u00e8de des investissements dans de nombreux secteurs, notamment la vente au d\u00e9tail, le transport, la fabrication, les assurances, les voyages, l\u2019\u00e9ducation, le multim\u00e9dia, la distribution de [&hellip;]<\/p>\n","protected":false},"author":2,"featured_media":0,"parent":0,"menu_order":0,"comment_status":"closed","ping_status":"closed","template":"","meta":{"_acf_changed":false,"inline_featured_image":false,"footnotes":""},"class_list":["post-4713","page","type-page","status-publish","hentry"],"acf":[],"yoast_head":"<!-- This site is optimized with the Yoast SEO plugin v27.6 - https:\/\/yoast.com\/product\/yoast-seo-wordpress\/ -->\n<title>Carri\u00e8res - Nunasi Corporation<\/title>\n<meta name=\"robots\" content=\"index, follow, max-snippet:-1, max-image-preview:large, max-video-preview:-1\" \/>\n<link rel=\"canonical\" href=\"https:\/\/www.nunasi.com\/fr\/careers\/\" \/>\n<meta property=\"og:locale\" content=\"fr_CA\" \/>\n<meta property=\"og:type\" content=\"article\" \/>\n<meta property=\"og:title\" content=\"Carri\u00e8res - Nunasi Corporation\" \/>\n<meta property=\"og:description\" content=\"La Nunasi Corporation s\u2019engage \u00e0 cr\u00e9er de la richesse chez les Nunavummiut. Nos entreprises cr\u00e9ent des occasions d\u2019emploi pour les Inuits au Nunavut et dans d\u2019autres r\u00e9gions. Nunasi Corporation poss\u00e8de des investissements dans de nombreux secteurs, notamment la vente au d\u00e9tail, le transport, la fabrication, les assurances, les voyages, l\u2019\u00e9ducation, le multim\u00e9dia, la distribution de [&hellip;]\" \/>\n<meta property=\"og:url\" content=\"https:\/\/www.nunasi.com\/fr\/careers\/\" \/>\n<meta property=\"og:site_name\" content=\"Nunasi Corporation\" \/>\n<meta property=\"article:modified_time\" content=\"2021-10-29T22:00:58+00:00\" \/>\n<meta name=\"twitter:card\" content=\"summary_large_image\" \/>\n<meta name=\"twitter:label1\" content=\"Estimation du temps de lecture\" \/>\n\t<meta name=\"twitter:data1\" content=\"1 minute\" \/>\n<script type=\"application\/ld+json\" class=\"yoast-schema-graph\">{\"@context\":\"https:\\\/\\\/schema.org\",\"@graph\":[{\"@type\":\"WebPage\",\"@id\":\"https:\\\/\\\/www.nunasi.com\\\/fr\\\/careers\\\/\",\"url\":\"https:\\\/\\\/www.nunasi.com\\\/fr\\\/careers\\\/\",\"name\":\"Carri\u00e8res - Nunasi Corporation\",\"isPartOf\":{\"@id\":\"https:\\\/\\\/www.nunasi.com\\\/#website\"},\"datePublished\":\"2021-01-19T21:48:49+00:00\",\"dateModified\":\"2021-10-29T22:00:58+00:00\",\"breadcrumb\":{\"@id\":\"https:\\\/\\\/www.nunasi.com\\\/fr\\\/careers\\\/#breadcrumb\"},\"inLanguage\":\"fr-CA\",\"potentialAction\":[{\"@type\":\"ReadAction\",\"target\":[\"https:\\\/\\\/www.nunasi.com\\\/fr\\\/careers\\\/\"]}]},{\"@type\":\"BreadcrumbList\",\"@id\":\"https:\\\/\\\/www.nunasi.com\\\/fr\\\/careers\\\/#breadcrumb\",\"itemListElement\":[{\"@type\":\"ListItem\",\"position\":1,\"name\":\"Home\",\"item\":\"https:\\\/\\\/www.nunasi.com\\\/fr\\\/\"},{\"@type\":\"ListItem\",\"position\":2,\"name\":\"Carri\u00e8res\"}]},{\"@type\":\"WebSite\",\"@id\":\"https:\\\/\\\/www.nunasi.com\\\/#website\",\"url\":\"https:\\\/\\\/www.nunasi.com\\\/\",\"name\":\"Nunasi Corporation\",\"description\":\"100 % Inuit owned and Nunavut owned business Development Company\",\"publisher\":{\"@id\":\"https:\\\/\\\/www.nunasi.com\\\/#organization\"},\"potentialAction\":[{\"@type\":\"SearchAction\",\"target\":{\"@type\":\"EntryPoint\",\"urlTemplate\":\"https:\\\/\\\/www.nunasi.com\\\/?s={search_term_string}\"},\"query-input\":{\"@type\":\"PropertyValueSpecification\",\"valueRequired\":true,\"valueName\":\"search_term_string\"}}],\"inLanguage\":\"fr-CA\"},{\"@type\":\"Organization\",\"@id\":\"https:\\\/\\\/www.nunasi.com\\\/#organization\",\"name\":\"Nunasi Corporation\",\"url\":\"https:\\\/\\\/www.nunasi.com\\\/\",\"logo\":{\"@type\":\"ImageObject\",\"inLanguage\":\"fr-CA\",\"@id\":\"https:\\\/\\\/www.nunasi.com\\\/#\\\/schema\\\/logo\\\/image\\\/\",\"url\":\"https:\\\/\\\/www.nunasi.com\\\/wp-content\\\/uploads\\\/2021\\\/03\\\/Nunasi_Logo_Full_Color_RGB-svg_header_wp.svg\",\"contentUrl\":\"https:\\\/\\\/www.nunasi.com\\\/wp-content\\\/uploads\\\/2021\\\/03\\\/Nunasi_Logo_Full_Color_RGB-svg_header_wp.svg\",\"width\":270,\"height\":80,\"caption\":\"Nunasi Corporation\"},\"image\":{\"@id\":\"https:\\\/\\\/www.nunasi.com\\\/#\\\/schema\\\/logo\\\/image\\\/\"}}]}<\/script>\n<!-- \/ Yoast SEO plugin. -->","yoast_head_json":{"title":"Carri\u00e8res - Nunasi Corporation","robots":{"index":"index","follow":"follow","max-snippet":"max-snippet:-1","max-image-preview":"max-image-preview:large","max-video-preview":"max-video-preview:-1"},"canonical":"https:\/\/www.nunasi.com\/fr\/careers\/","og_locale":"fr_CA","og_type":"article","og_title":"Carri\u00e8res - Nunasi Corporation","og_description":"La Nunasi Corporation s\u2019engage \u00e0 cr\u00e9er de la richesse chez les Nunavummiut. Nos entreprises cr\u00e9ent des occasions d\u2019emploi pour les Inuits au Nunavut et dans d\u2019autres r\u00e9gions. Nunasi Corporation poss\u00e8de des investissements dans de nombreux secteurs, notamment la vente au d\u00e9tail, le transport, la fabrication, les assurances, les voyages, l\u2019\u00e9ducation, le multim\u00e9dia, la distribution de [&hellip;]","og_url":"https:\/\/www.nunasi.com\/fr\/careers\/","og_site_name":"Nunasi Corporation","article_modified_time":"2021-10-29T22:00:58+00:00","twitter_card":"summary_large_image","twitter_misc":{"Estimation du temps de lecture":"1 minute"},"schema":{"@context":"https:\/\/schema.org","@graph":[{"@type":"WebPage","@id":"https:\/\/www.nunasi.com\/fr\/careers\/","url":"https:\/\/www.nunasi.com\/fr\/careers\/","name":"Carri\u00e8res - Nunasi Corporation","isPartOf":{"@id":"https:\/\/www.nunasi.com\/#website"},"datePublished":"2021-01-19T21:48:49+00:00","dateModified":"2021-10-29T22:00:58+00:00","breadcrumb":{"@id":"https:\/\/www.nunasi.com\/fr\/careers\/#breadcrumb"},"inLanguage":"fr-CA","potentialAction":[{"@type":"ReadAction","target":["https:\/\/www.nunasi.com\/fr\/careers\/"]}]},{"@type":"BreadcrumbList","@id":"https:\/\/www.nunasi.com\/fr\/careers\/#breadcrumb","itemListElement":[{"@type":"ListItem","position":1,"name":"Home","item":"https:\/\/www.nunasi.com\/fr\/"},{"@type":"ListItem","position":2,"name":"Carri\u00e8res"}]},{"@type":"WebSite","@id":"https:\/\/www.nunasi.com\/#website","url":"https:\/\/www.nunasi.com\/","name":"Nunasi Corporation","description":"100 % Inuit owned and Nunavut owned business Development Company","publisher":{"@id":"https:\/\/www.nunasi.com\/#organization"},"potentialAction":[{"@type":"SearchAction","target":{"@type":"EntryPoint","urlTemplate":"https:\/\/www.nunasi.com\/?s={search_term_string}"},"query-input":{"@type":"PropertyValueSpecification","valueRequired":true,"valueName":"search_term_string"}}],"inLanguage":"fr-CA"},{"@type":"Organization","@id":"https:\/\/www.nunasi.com\/#organization","name":"Nunasi Corporation","url":"https:\/\/www.nunasi.com\/","logo":{"@type":"ImageObject","inLanguage":"fr-CA","@id":"https:\/\/www.nunasi.com\/#\/schema\/logo\/image\/","url":"https:\/\/www.nunasi.com\/wp-content\/uploads\/2021\/03\/Nunasi_Logo_Full_Color_RGB-svg_header_wp.svg","contentUrl":"https:\/\/www.nunasi.com\/wp-content\/uploads\/2021\/03\/Nunasi_Logo_Full_Color_RGB-svg_header_wp.svg","width":270,"height":80,"caption":"Nunasi Corporation"},"image":{"@id":"https:\/\/www.nunasi.com\/#\/schema\/logo\/image\/"}}]}},"_links":{"self":[{"href":"https:\/\/www.nunasi.com\/fr\/wp-json\/wp\/v2\/pages\/4713","targetHints":{"allow":["GET"]}}],"collection":[{"href":"https:\/\/www.nunasi.com\/fr\/wp-json\/wp\/v2\/pages"}],"about":[{"href":"https:\/\/www.nunasi.com\/fr\/wp-json\/wp\/v2\/types\/page"}],"author":[{"embeddable":true,"href":"https:\/\/www.nunasi.com\/fr\/wp-json\/wp\/v2\/users\/2"}],"replies":[{"embeddable":true,"href":"https:\/\/www.nunasi.com\/fr\/wp-json\/wp\/v2\/comments?post=4713"}],"version-history":[{"count":3,"href":"https:\/\/www.nunasi.com\/fr\/wp-json\/wp\/v2\/pages\/4713\/revisions"}],"predecessor-version":[{"id":4718,"href":"https:\/\/www.nunasi.com\/fr\/wp-json\/wp\/v2\/pages\/4713\/revisions\/4718"}],"wp:attachment":[{"href":"https:\/\/www.nunasi.com\/fr\/wp-json\/wp\/v2\/media?parent=4713"}],"curies":[{"name":"wp","href":"https:\/\/api.w.org\/{rel}","templated":true}]}}